{"id":404,"date":"2024-10-23T15:40:10","date_gmt":"2024-10-23T15:40:10","guid":{"rendered":"https:\/\/www.monarchbartenders.com\/?page_id=404"},"modified":"2026-01-26T10:24:10","modified_gmt":"2026-01-26T10:24:10","slug":"about-us","status":"publish","type":"page","link":"https:\/\/www.monarchbartenders.com\/pt\/about-us\/","title":{"rendered":"Sobre n\u00f3s"},"content":{"rendered":"<div class=\"wp-block-image\">\n<figure class=\"alignright size-full is-resized\"><img loading=\"lazy\" decoding=\"async\" width=\"1920\" height=\"2560\" src=\"https:\/\/www.monarchbartenders.com\/wp-content\/uploads\/2024\/10\/IMG20240615173308-scaled.jpg\" alt=\"\" class=\"wp-image-163\" style=\"width:445px;height:auto\" srcset=\"https:\/\/www.monarchbartenders.com\/wp-content\/uploads\/2024\/10\/IMG20240615173308-scaled.jpg 1920w, https:\/\/www.monarchbartenders.com\/wp-content\/uploads\/2024\/10\/IMG20240615173308-225x300.jpg 225w, https:\/\/www.monarchbartenders.com\/wp-content\/uploads\/2024\/10\/IMG20240615173308-768x1024.jpg 768w, https:\/\/www.monarchbartenders.com\/wp-content\/uploads\/2024\/10\/IMG20240615173308-1152x1536.jpg 1152w, https:\/\/www.monarchbartenders.com\/wp-content\/uploads\/2024\/10\/IMG20240615173308-1536x2048.jpg 1536w\" sizes=\"auto, (max-width: 1920px) 100vw, 1920px\" \/><\/figure>\n<\/div>\n\n\n<h3 class=\"wp-block-heading\">Quem somos, de onde vimos, o que nos define<\/h3>\n\n\n\n<p><strong>A Monarch Bartenders<\/strong> foi fundada em 2025 como uma marca de luxo contempor\u00e2neo, criada a partir de uma base de vasta experi\u00eancia em bartending premium e servi\u00e7os de bar para eventos de alto n\u00edvel.<\/p>\n\n\n\n<p>Embora o nome Monarch seja recente, a experi\u00eancia que o sustenta est\u00e1 profundamente consolidada. A marca \u00e9 liderada por uma equipa com um percurso s\u00f3lido na presta\u00e7\u00e3o de servi\u00e7os de bar para casamentos de luxo, celebra\u00e7\u00f5es personalizadas e eventos privados e corporativos exclusivos, operando de acordo com os mais elevados padr\u00f5es da ind\u00fastria.<\/p>\n\n\n\n<p>A Monarch Bartenders opera com uma estrutura plenamente consolidada \u2014 sustentada por profissionais experientes, protocolos de servi\u00e7o refinados, programas de cocktails cuidadosamente curados, copos premium e uma infraestrutura de bar completa \u2014 desenvolvida ao longo de anos de experi\u00eancia pr\u00e1tica em contextos exigentes e de elevado prest\u00edgio. A cria\u00e7\u00e3o da Monarch representa uma eleva\u00e7\u00e3o deliberada de identidade e posicionamento, e n\u00e3o uma altera\u00e7\u00e3o na forma como o servi\u00e7o \u00e9 prestado.<\/p>\n\n\n\n<p>Na Monarch, o luxo \u00e9 definido pela inten\u00e7\u00e3o e pelo controlo. Cada detalhe \u2014 desde o design do bar e o ritmo do servi\u00e7o at\u00e9 \u00e0 apresenta\u00e7\u00e3o e \u00e0 intera\u00e7\u00e3o com os convidados \u2014 \u00e9 cuidadosamente orquestrado para garantir discri\u00e7\u00e3o, eleg\u00e2ncia e uma execu\u00e7\u00e3o irrepreens\u00edvel.<\/p>\n\n\n\n<p>Em Portugal, a Monarch Bartenders colabora com espa\u00e7os de prest\u00edgio, parceiros de catering de refer\u00eancia e operadores de hotelaria de luxo, assegurando experi\u00eancias de bar irrepreens\u00edveis em ambientes onde a precis\u00e3o e a fiabilidade s\u00e3o essenciais.<\/p>\n\n\n\n<p><strong>A Monarch Bartenders \u00e9 mais do que um servi\u00e7o de bar.<\/strong><br>\u00c9 a express\u00e3o formal de uma experi\u00eancia acumulada, de um saber-fazer refinado e de um luxo discreto \u2014 apresentada sob um novo nome e concebida para eventos de exce\u00e7\u00e3o.<\/p>\n\n\n\n<p><\/p>\n\n\n\n<br><br><br><br><br><br>","protected":false},"excerpt":{"rendered":"<p>Who we are, where we come from, what defines us Monarch Bartenders was established in 2025 as a contemporary luxury brand, created from a foundation of extensive experience in premium bartending and high-end event service. While the Monarch name is new, the expertise behind it is deeply established. The brand is led by a team &hellip; <\/p>\n<p class=\"link-more\"><a href=\"https:\/\/www.monarchbartenders.com\/pt\/about-us\/\" class=\"more-link\">Continue reading<span class=\"screen-reader-text\"> &#8220;About Us&#8221;<\/span><\/a><\/p>","protected":false},"author":1,"featured_media":0,"parent":0,"menu_order":0,"comment_status":"closed","ping_status":"closed","template":"","meta":{"ngg_post_thumbnail":0,"footnotes":""},"class_list":["post-404","page","type-page","status-publish","hentry"],"_links":{"self":[{"href":"https:\/\/www.monarchbartenders.com\/pt\/wp-json\/wp\/v2\/pages\/404","targetHints":{"allow":["GET"]}}],"collection":[{"href":"https:\/\/www.monarchbartenders.com\/pt\/wp-json\/wp\/v2\/pages"}],"about":[{"href":"https:\/\/www.monarchbartenders.com\/pt\/wp-json\/wp\/v2\/types\/page"}],"author":[{"embeddable":true,"href":"https:\/\/www.monarchbartenders.com\/pt\/wp-json\/wp\/v2\/users\/1"}],"replies":[{"embeddable":true,"href":"https:\/\/www.monarchbartenders.com\/pt\/wp-json\/wp\/v2\/comments?post=404"}],"version-history":[{"count":2,"href":"https:\/\/www.monarchbartenders.com\/pt\/wp-json\/wp\/v2\/pages\/404\/revisions"}],"predecessor-version":[{"id":497,"href":"https:\/\/www.monarchbartenders.com\/pt\/wp-json\/wp\/v2\/pages\/404\/revisions\/497"}],"wp:attachment":[{"href":"https:\/\/www.monarchbartenders.com\/pt\/wp-json\/wp\/v2\/media?parent=404"}],"curies":[{"name":"wp","href":"https:\/\/api.w.org\/{rel}","templated":true}]}}